{"id":428,"date":"2025-03-28T13:47:02","date_gmt":"2025-03-28T13:47:02","guid":{"rendered":"https:\/\/belpower.si\/?page_id=428"},"modified":"2025-04-03T12:06:35","modified_gmt":"2025-04-03T12:06:35","slug":"baterijski-kontejnerji","status":"publish","type":"page","link":"https:\/\/belpower.si\/en\/baterijski-kontejnerji\/","title":{"rendered":"Baterijski kontejnerji"},"content":{"rendered":"<div data-elementor-type=\"wp-page\" data-elementor-id=\"428\" class=\"elementor elementor-428\">\n\t\t\t\t<div class=\"elementor-element elementor-element-e938f61 e-flex e-con-boxed e-con e-parent\" data-id=\"e938f61\" data-element_type=\"container\" data-settings=\"{&quot;background_background&quot;:&quot;classic&quot;}\">\n\t\t\t\t\t<div class=\"e-con-inner\">\n\t\t\t\t<div class=\"elementor-element elementor-element-10099ee elementor-widget__width-initial elementor-widget elementor-widget-heading\" data-id=\"10099ee\" data-element_type=\"widget\" data-widget_type=\"heading.default\">\n\t\t\t\t<div class=\"elementor-widget-container\">\n\t\t\t\t\t<h1 class=\"elementor-heading-title elementor-size-default\">BATERIJSKI KONTEJNERJI<br><span style=\"font-family: Cabin, sans-serif; font-size: 16px; font-style: normal; font-variant-ligatures: normal; font-variant-caps: normal; font-weight: 400; white-space-collapse: collapse;\"><\/span><\/h1>\t\t\t\t<\/div>\n\t\t\t\t<\/div>\n\t\t\t\t\t<\/div>\n\t\t\t\t<\/div>\n\t\t<div class=\"elementor-element elementor-element-b8c26c3 e-flex e-con-boxed e-con e-parent\" data-id=\"b8c26c3\" data-element_type=\"container\">\n\t\t\t\t\t<div class=\"e-con-inner\">\n\t\t<div class=\"elementor-element elementor-element-c189f5c e-con-full e-flex e-con e-child\" data-id=\"c189f5c\" data-element_type=\"container\">\n\t\t\t\t<div class=\"elementor-element elementor-element-0a14ae2 elementor-widget elementor-widget-heading\" data-id=\"0a14ae2\" data-element_type=\"widget\" data-widget_type=\"heading.default\">\n\t\t\t\t<div class=\"elementor-widget-container\">\n\t\t\t\t\t<h2 class=\"elementor-heading-title elementor-size-default\">Veliki sistemi za shranjevanje energije<\/h2>\t\t\t\t<\/div>\n\t\t\t\t<\/div>\n\t\t\t\t<div class=\"elementor-element elementor-element-1a5e623 elementor-widget-divider--view-line elementor-widget elementor-widget-divider\" data-id=\"1a5e623\" data-element_type=\"widget\" data-widget_type=\"divider.default\">\n\t\t\t\t<div class=\"elementor-widget-container\">\n\t\t\t\t\t\t\t<div class=\"elementor-divider\">\n\t\t\t<span class=\"elementor-divider-separator\">\n\t\t\t\t\t\t<\/span>\n\t\t<\/div>\n\t\t\t\t\t\t<\/div>\n\t\t\t\t<\/div>\n\t\t\t\t<div class=\"elementor-element elementor-element-875fa7b elementor-widget elementor-widget-text-editor\" data-id=\"875fa7b\" data-element_type=\"widget\" data-widget_type=\"text-editor.default\">\n\t\t\t\t<div class=\"elementor-widget-container\">\n\t\t\t\t\t\t\t\t\t<p>Na\u0161i napredni veliki sistemi za shranjevanje energije in zabojniki za energijo zagotavljajo raz\u0161irljive, u\u010dinkovite in zanesljive re\u0161itve za \u0161tevilna podjetja kot raznovrstno industrijo. Ti sistemi, zasnovani za izpolnjevanje vse ve\u010djega povpra\u0161evanja po shranjevanju energije, vam omogo\u010dajo optimizacijo porabe energije, izbolj\u0161anje stabilnosti omre\u017eja in zmanj\u0161anje stro\u0161kov poslovanja.<\/p>\t\t\t\t\t\t\t\t<\/div>\n\t\t\t\t<\/div>\n\t\t\t\t<div class=\"elementor-element elementor-element-0c4648f elementor-widget elementor-widget-heading\" data-id=\"0c4648f\" data-element_type=\"widget\" data-widget_type=\"heading.default\">\n\t\t\t\t<div class=\"elementor-widget-container\">\n\t\t\t\t\t<h4 class=\"elementor-heading-title elementor-size-default\">Modularne in prilagodljive re\u0161itve<\/h4>\t\t\t\t<\/div>\n\t\t\t\t<\/div>\n\t\t\t\t<div class=\"elementor-element elementor-element-d856a4e elementor-widget elementor-widget-text-editor\" data-id=\"d856a4e\" data-element_type=\"widget\" data-widget_type=\"text-editor.default\">\n\t\t\t\t<div class=\"elementor-widget-container\">\n\t\t\t\t\t\t\t\t\t<p>Na\u0161i sistemi za shranjevanje energije so popolnoma modularni, ne glede na to, ali \u017eelite shraniti odve\u010dno energijo iz obnovljivih virov ali potrebujete zanesljiv \u00bbbackup\u00ab za obdobja, ko je poraba energije ve\u010dja, kot proizvodnja. Na\u0161e re\u0161itve, lahko popolnoma prilagodimo va\u0161im edinstvenim potrebam ter tako zagotovimo najve\u010djo u\u010dinkovitost in uspe\u0161nost.<\/p>\t\t\t\t\t\t\t\t<\/div>\n\t\t\t\t<\/div>\n\t\t\t\t<div class=\"elementor-element elementor-element-e4f0bb3 elementor-widget elementor-widget-heading\" data-id=\"e4f0bb3\" data-element_type=\"widget\" data-widget_type=\"heading.default\">\n\t\t\t\t<div class=\"elementor-widget-container\">\n\t\t\t\t\t<h4 class=\"elementor-heading-title elementor-size-default\">Visoko zmogljiva tehnologija<\/h4>\t\t\t\t<\/div>\n\t\t\t\t<\/div>\n\t\t\t\t<div class=\"elementor-element elementor-element-21e14aa elementor-widget elementor-widget-text-editor\" data-id=\"21e14aa\" data-element_type=\"widget\" data-widget_type=\"text-editor.default\">\n\t\t\t\t<div class=\"elementor-widget-container\">\n\t\t\t\t\t\t\t\t\t<p>Na\u0161i energetski zabojniki, izdelani z najsodobnej\u0161o tehnologijo, zagotavljajo izjemno zmogljivost in dolgo \u017eivljenjsko dobo. Zagotavljajo hitre cikle polnjenja in praznjenja, kar zagotavlja, nemoteno delovanje, brez prekinitev. Z zmogljivostmi od ve\u010d sto kWh do ve\u010d MWh so na\u0161i sistemi zasnovani za najzahtevnej\u0161e zahteve po shranjevanju energije.<\/p>\t\t\t\t\t\t\t\t<\/div>\n\t\t\t\t<\/div>\n\t\t\t\t<div class=\"elementor-element elementor-element-c7c1503 elementor-widget elementor-widget-heading\" data-id=\"c7c1503\" data-element_type=\"widget\" data-widget_type=\"heading.default\">\n\t\t\t\t<div class=\"elementor-widget-container\">\n\t\t\t\t\t<h4 class=\"elementor-heading-title elementor-size-default\">Integracija z obnovljivimi viri energije<\/h4>\t\t\t\t<\/div>\n\t\t\t\t<\/div>\n\t\t\t\t<div class=\"elementor-element elementor-element-e4af2ff elementor-widget elementor-widget-text-editor\" data-id=\"e4af2ff\" data-element_type=\"widget\" data-widget_type=\"text-editor.default\">\n\t\t\t\t<div class=\"elementor-widget-container\">\n\t\t\t\t\t\t\t\t\t<p>Na\u0161i sistemi za shranjevanje energije so kot nala\u0161\u010d za integracijo s son\u010dnimi, vetrnimi in drugimi obnovljivimi viri energije. Shranjujte prese\u017eno energijo v \u010dasu izven konic in jo sprostite, ko je povpra\u0161evanje veliko, ter tako izbolj\u0161ajte u\u010dinkovitost in stro\u0161kovno u\u010dinkovitost svojih nalo\u017eb v obnovljive vire energije.<\/p>\t\t\t\t\t\t\t\t<\/div>\n\t\t\t\t<\/div>\n\t\t\t\t<div class=\"elementor-element elementor-element-e90f17c elementor-widget elementor-widget-button\" data-id=\"e90f17c\" data-element_type=\"widget\" data-widget_type=\"button.default\">\n\t\t\t\t<div class=\"elementor-widget-container\">\n\t\t\t\t\t\t\t\t\t<div class=\"elementor-button-wrapper\">\n\t\t\t\t\t<a class=\"elementor-button elementor-button-link elementor-size-sm\" href=\"mailto:prodaja@best-eliving.com\">\n\t\t\t\t\t\t<span class=\"elementor-button-content-wrapper\">\n\t\t\t\t\t\t<span class=\"elementor-button-icon\">\n\t\t\t\t<svg aria-hidden=\"true\" class=\"e-font-icon-svg e-fas-envelope-open-text\" viewbox=\"0 0 512 512\" xmlns=\"http:\/\/www.w3.org\/2000\/svg\"><path d=\"M176 216h160c8.84 0 16-7.16 16-16v-16c0-8.84-7.16-16-16-16H176c-8.84 0-16 7.16-16 16v16c0 8.84 7.16 16 16 16zm-16 80c0 8.84 7.16 16 16 16h160c8.84 0 16-7.16 16-16v-16c0-8.84-7.16-16-16-16H176c-8.84 0-16 7.16-16 16v16zm96 121.13c-16.42 0-32.84-5.06-46.86-15.19L0 250.86V464c0 26.51 21.49 48 48 48h416c26.51 0 48-21.49 48-48V250.86L302.86 401.94c-14.02 10.12-30.44 15.19-46.86 15.19zm237.61-254.18c-8.85-6.94-17.24-13.47-29.61-22.81V96c0-26.51-21.49-48-48-48h-77.55c-3.04-2.2-5.87-4.26-9.04-6.56C312.6 29.17 279.2-.35 256 0c-23.2-.35-56.59 29.17-73.41 41.44-3.17 2.3-6 4.36-9.04 6.56H96c-26.51 0-48 21.49-48 48v44.14c-12.37 9.33-20.76 15.87-29.61 22.81A47.995 47.995 0 0 0 0 200.72v10.65l96 69.35V96h320v184.72l96-69.35v-10.65c0-14.74-6.78-28.67-18.39-37.77z\"><\/path><\/svg>\t\t\t<\/span>\n\t\t\t\t\t\t\t\t\t<span class=\"elementor-button-text\">SEND INQUIRY<\/span>\n\t\t\t\t\t<\/span>\n\t\t\t\t\t<\/a>\n\t\t\t\t<\/div>\n\t\t\t\t\t\t\t\t<\/div>\n\t\t\t\t<\/div>\n\t\t\t\t<\/div>\n\t\t<div class=\"elementor-element elementor-element-27fa92b e-con-full e-flex e-con e-child\" data-id=\"27fa92b\" data-element_type=\"container\">\n\t\t\t\t<div class=\"elementor-element elementor-element-2a93eda elementor-widget elementor-widget-spacer\" data-id=\"2a93eda\" data-element_type=\"widget\" data-widget_type=\"spacer.default\">\n\t\t\t\t<div class=\"elementor-widget-container\">\n\t\t\t\t\t\t\t<div class=\"elementor-spacer\">\n\t\t\t<div class=\"elementor-spacer-inner\"><\/div>\n\t\t<\/div>\n\t\t\t\t\t\t<\/div>\n\t\t\t\t<\/div>\n\t\t\t\t<div class=\"elementor-element elementor-element-56ab237 elementor-arrows-position-inside elementor-pagination-position-outside elementor-widget elementor-widget-image-carousel\" data-id=\"56ab237\" data-element_type=\"widget\" data-settings=\"{&quot;slides_to_show&quot;:&quot;1&quot;,&quot;navigation&quot;:&quot;both&quot;,&quot;autoplay&quot;:&quot;yes&quot;,&quot;pause_on_hover&quot;:&quot;yes&quot;,&quot;pause_on_interaction&quot;:&quot;yes&quot;,&quot;autoplay_speed&quot;:5000,&quot;infinite&quot;:&quot;yes&quot;,&quot;effect&quot;:&quot;slide&quot;,&quot;speed&quot;:500}\" data-widget_type=\"image-carousel.default\">\n\t\t\t\t<div class=\"elementor-widget-container\">\n\t\t\t\t\t\t\t<div class=\"elementor-image-carousel-wrapper swiper\" role=\"region\" aria-roledescription=\"carousel\" aria-label=\"Image Carousel\" dir=\"ltr\">\n\t\t\t<div class=\"elementor-image-carousel swiper-wrapper\" aria-live=\"off\">\n\t\t\t\t\t\t\t\t<div class=\"swiper-slide\" role=\"group\" aria-roledescription=\"slide\" aria-label=\"1 of 4\"><figure class=\"swiper-slide-inner\"><img decoding=\"async\" class=\"swiper-slide-image\" src=\"https:\/\/belpower.si\/wp-content\/uploads\/elementor\/thumbs\/Fooldal-copy-r3j0igzsobfw12uin5j9q61kprhrm1cjaxcdfg2lxw.png\" alt=\"Fooldal copy\" \/><\/figure><\/div><div class=\"swiper-slide\" role=\"group\" aria-roledescription=\"slide\" aria-label=\"2 of 4\"><figure class=\"swiper-slide-inner\"><img decoding=\"async\" class=\"swiper-slide-image\" src=\"https:\/\/belpower.si\/wp-content\/uploads\/elementor\/thumbs\/rhPqEofJT4e2aip7uBf3-r3j0432q2lqwbxqtnfnu2aqlegeist8fnpvtzzej6c.webp\" alt=\"rhPqEofJT4e2aip7uBf3\" \/><\/figure><\/div><div class=\"swiper-slide\" role=\"group\" aria-roledescription=\"slide\" aria-label=\"3 of 4\"><figure class=\"swiper-slide-inner\"><img decoding=\"async\" class=\"swiper-slide-image\" src=\"https:\/\/belpower.si\/wp-content\/uploads\/elementor\/thumbs\/Eastern-Europe-Largest-Battery-Energy-Storage-System-Project-r3j0424vvrpm0bs6sx97hsz4t2j5l44pbl8cipfxck.jpg\" alt=\"Eastern-Europe-Largest-Battery-Energy-Storage-System-Project\" \/><\/figure><\/div><div class=\"swiper-slide\" role=\"group\" aria-roledescription=\"slide\" aria-label=\"4 of 4\"><figure class=\"swiper-slide-inner\"><img decoding=\"async\" class=\"swiper-slide-image\" src=\"https:\/\/belpower.si\/wp-content\/uploads\/elementor\/thumbs\/1714277462870-r3j04171oxoboptjyeukxb7o7onsdf0yzgkv1fhbis.jpg\" alt=\"1714277462870\" \/><\/figure><\/div>\t\t\t<\/div>\n\t\t\t\t\t\t\t\t\t\t\t\t<div class=\"elementor-swiper-button elementor-swiper-button-prev\" role=\"button\" tabindex=\"0\">\n\t\t\t\t\t\t<svg aria-hidden=\"true\" class=\"e-font-icon-svg e-eicon-chevron-left\" viewbox=\"0 0 1000 1000\" xmlns=\"http:\/\/www.w3.org\/2000\/svg\"><path d=\"M646 125C629 125 613 133 604 142L308 442C296 454 292 471 292 487 292 504 296 521 308 533L604 854C617 867 629 875 646 875 663 875 679 871 692 858 704 846 713 829 713 812 713 796 708 779 692 767L438 487 692 225C700 217 708 204 708 187 708 171 704 154 692 142 675 129 663 125 646 125Z\"><\/path><\/svg>\t\t\t\t\t<\/div>\n\t\t\t\t\t<div class=\"elementor-swiper-button elementor-swiper-button-next\" role=\"button\" tabindex=\"0\">\n\t\t\t\t\t\t<svg aria-hidden=\"true\" class=\"e-font-icon-svg e-eicon-chevron-right\" viewbox=\"0 0 1000 1000\" xmlns=\"http:\/\/www.w3.org\/2000\/svg\"><path d=\"M696 533C708 521 713 504 713 487 713 471 708 454 696 446L400 146C388 133 375 125 354 125 338 125 325 129 313 142 300 154 292 171 292 187 292 204 296 221 308 233L563 492 304 771C292 783 288 800 288 817 288 833 296 850 308 863 321 871 338 875 354 875 371 875 388 867 400 854L696 533Z\"><\/path><\/svg>\t\t\t\t\t<\/div>\n\t\t\t\t\n\t\t\t\t\t\t\t\t\t<div class=\"swiper-pagination\"><\/div>\n\t\t\t\t\t\t\t\t\t<\/div>\n\t\t\t\t\t\t<\/div>\n\t\t\t\t<\/div>\n\t\t\t\t<\/div>\n\t\t\t\t\t<\/div>\n\t\t\t\t<\/div>\n\t\t<div class=\"elementor-element elementor-element-e4ccee5 e-flex e-con-boxed e-con e-parent\" data-id=\"e4ccee5\" data-element_type=\"container\">\n\t\t\t\t\t<div class=\"e-con-inner\">\n\t\t\t\t<div class=\"elementor-element elementor-element-cb77404 elementor-widget elementor-widget-spacer\" data-id=\"cb77404\" data-element_type=\"widget\" data-widget_type=\"spacer.default\">\n\t\t\t\t<div class=\"elementor-widget-container\">\n\t\t\t\t\t\t\t<div class=\"elementor-spacer\">\n\t\t\t<div class=\"elementor-spacer-inner\"><\/div>\n\t\t<\/div>\n\t\t\t\t\t\t<\/div>\n\t\t\t\t<\/div>\n\t\t\t\t\t<\/div>\n\t\t\t\t<\/div>\n\t\t\t\t<\/div>","protected":false},"excerpt":{"rendered":"<p>BATERIJSKI KONTEJNERJI Veliki sistemi za shranjevanje energije Na\u0161i napredni veliki sistemi za shranjevanje energije in zabojniki za energijo zagotavljajo raz\u0161irljive, u\u010dinkovite in zanesljive re\u0161itve za \u0161tevilna podjetja kot raznovrstno industrijo. Ti sistemi, zasnovani za izpolnjevanje vse ve\u010djega povpra\u0161evanja po shranjevanju energije, vam omogo\u010dajo optimizacijo porabe energije, izbolj\u0161anje stabilnosti omre\u017eja in zmanj\u0161anje stro\u0161kov poslovanja. Modularne in [&hellip;]<\/p>","protected":false},"author":1,"featured_media":0,"parent":0,"menu_order":0,"comment_status":"closed","ping_status":"closed","template":"","meta":{"pagelayer_contact_templates":[],"_pagelayer_content":"","footnotes":""},"class_list":["post-428","page","type-page","status-publish","hentry","entry"],"_links":{"self":[{"href":"https:\/\/belpower.si\/en\/wp-json\/wp\/v2\/pages\/428","targetHints":{"allow":["GET"]}}],"collection":[{"href":"https:\/\/belpower.si\/en\/wp-json\/wp\/v2\/pages"}],"about":[{"href":"https:\/\/belpower.si\/en\/wp-json\/wp\/v2\/types\/page"}],"author":[{"embeddable":true,"href":"https:\/\/belpower.si\/en\/wp-json\/wp\/v2\/users\/1"}],"replies":[{"embeddable":true,"href":"https:\/\/belpower.si\/en\/wp-json\/wp\/v2\/comments?post=428"}],"version-history":[{"count":23,"href":"https:\/\/belpower.si\/en\/wp-json\/wp\/v2\/pages\/428\/revisions"}],"predecessor-version":[{"id":503,"href":"https:\/\/belpower.si\/en\/wp-json\/wp\/v2\/pages\/428\/revisions\/503"}],"wp:attachment":[{"href":"https:\/\/belpower.si\/en\/wp-json\/wp\/v2\/media?parent=428"}],"curies":[{"name":"wp","href":"https:\/\/api.w.org\/{rel}","templated":true}]}}