{"id":236,"date":"2025-03-27T10:00:06","date_gmt":"2025-03-27T10:00:06","guid":{"rendered":"https:\/\/belpower.si\/?page_id=236"},"modified":"2025-03-28T11:08:53","modified_gmt":"2025-03-28T11:08:53","slug":"razsmernik-hibridni-serija-h1","status":"publish","type":"page","link":"https:\/\/belpower.si\/en\/razsmernik-hibridni-serija-h1\/","title":{"rendered":"Hibridni Serija H1"},"content":{"rendered":"<div data-elementor-type=\"wp-page\" data-elementor-id=\"236\" class=\"elementor elementor-236\">\n\t\t\t\t<div class=\"elementor-element elementor-element-e938f61 e-flex e-con-boxed e-con e-parent\" data-id=\"e938f61\" data-element_type=\"container\" data-settings=\"{&quot;background_background&quot;:&quot;classic&quot;}\">\n\t\t\t\t\t<div class=\"e-con-inner\">\n\t\t\t\t<div class=\"elementor-element elementor-element-10099ee elementor-widget__width-initial elementor-widget elementor-widget-heading\" data-id=\"10099ee\" data-element_type=\"widget\" data-widget_type=\"heading.default\">\n\t\t\t\t<div class=\"elementor-widget-container\">\n\t\t\t\t\t<h1 class=\"elementor-heading-title elementor-size-default\">Fox ESS Hybrid Inverters - H1 Series<br><span style=\"font-family: Cabin, sans-serif; font-size: 16px; font-style: normal; font-variant-ligatures: normal; font-variant-caps: normal; font-weight: 400; white-space-collapse: collapse;\">H1-3.0-E | H1-3.7-E | H1-4.6-E | H1-5.0-E | H1-6.0-E<\/span><\/h1>\t\t\t\t<\/div>\n\t\t\t\t<\/div>\n\t\t\t\t\t<\/div>\n\t\t\t\t<\/div>\n\t\t<div class=\"elementor-element elementor-element-b8c26c3 e-flex e-con-boxed e-con e-parent\" data-id=\"b8c26c3\" data-element_type=\"container\">\n\t\t\t\t\t<div class=\"e-con-inner\">\n\t\t<div class=\"elementor-element elementor-element-c189f5c e-con-full e-flex e-con e-child\" data-id=\"c189f5c\" data-element_type=\"container\">\n\t\t\t\t<div class=\"elementor-element elementor-element-0a14ae2 elementor-widget elementor-widget-heading\" data-id=\"0a14ae2\" data-element_type=\"widget\" data-widget_type=\"heading.default\">\n\t\t\t\t<div class=\"elementor-widget-container\">\n\t\t\t\t\t<h2 class=\"elementor-heading-title elementor-size-default\">Fox ESS Series H1<\/h2>\t\t\t\t<\/div>\n\t\t\t\t<\/div>\n\t\t\t\t<div class=\"elementor-element elementor-element-1a5e623 elementor-widget-divider--view-line elementor-widget elementor-widget-divider\" data-id=\"1a5e623\" data-element_type=\"widget\" data-widget_type=\"divider.default\">\n\t\t\t\t<div class=\"elementor-widget-container\">\n\t\t\t\t\t\t\t<div class=\"elementor-divider\">\n\t\t\t<span class=\"elementor-divider-separator\">\n\t\t\t\t\t\t<\/span>\n\t\t<\/div>\n\t\t\t\t\t\t<\/div>\n\t\t\t\t<\/div>\n\t\t\t\t<div class=\"elementor-element elementor-element-875fa7b elementor-widget elementor-widget-text-editor\" data-id=\"875fa7b\" data-element_type=\"widget\" data-widget_type=\"text-editor.default\">\n\t\t\t\t<div class=\"elementor-widget-container\">\n\t\t\t\t\t\t\t\t\t<p>The Fox ESS H1 single-phase hybrid inverter with a power output of 3 kW to 6 kW is designed to increase efficiency and reliability. It is fully compatible with Fox ESS EP and ECS high-voltage energy storage systems. In addition, the product has a 10-year manufacturer's warranty, ensuring durability and trouble-free operation.<\/p>\t\t\t\t\t\t\t\t<\/div>\n\t\t\t\t<\/div>\n\t\t\t\t<div class=\"elementor-element elementor-element-c212b3d elementor-widget elementor-widget-button\" data-id=\"c212b3d\" data-element_type=\"widget\" data-widget_type=\"button.default\">\n\t\t\t\t<div class=\"elementor-widget-container\">\n\t\t\t\t\t\t\t\t\t<div class=\"elementor-button-wrapper\">\n\t\t\t\t\t<a class=\"elementor-button elementor-button-link elementor-size-sm\" href=\"https:\/\/belpower.si\/wp-content\/uploads\/2025\/03\/EN-H1AC1-Datasheet-V3.6-3.28.pdf\">\n\t\t\t\t\t\t<span class=\"elementor-button-content-wrapper\">\n\t\t\t\t\t\t<span class=\"elementor-button-icon\">\n\t\t\t\t<svg aria-hidden=\"true\" class=\"e-font-icon-svg e-far-file-alt\" viewbox=\"0 0 384 512\" xmlns=\"http:\/\/www.w3.org\/2000\/svg\"><path d=\"M288 248v28c0 6.6-5.4 12-12 12H108c-6.6 0-12-5.4-12-12v-28c0-6.6 5.4-12 12-12h168c6.6 0 12 5.4 12 12zm-12 72H108c-6.6 0-12 5.4-12 12v28c0 6.6 5.4 12 12 12h168c6.6 0 12-5.4 12-12v-28c0-6.6-5.4-12-12-12zm108-188.1V464c0 26.5-21.5 48-48 48H48c-26.5 0-48-21.5-48-48V48C0 21.5 21.5 0 48 0h204.1C264.8 0 277 5.1 286 14.1L369.9 98c9 8.9 14.1 21.2 14.1 33.9zm-128-80V128h76.1L256 51.9zM336 464V176H232c-13.3 0-24-10.7-24-24V48H48v416h288z\"><\/path><\/svg>\t\t\t<\/span>\n\t\t\t\t\t\t\t\t\t<span class=\"elementor-button-text\">TECHNICAL SPECIFICATIONS<\/span>\n\t\t\t\t\t<\/span>\n\t\t\t\t\t<\/a>\n\t\t\t\t<\/div>\n\t\t\t\t\t\t\t\t<\/div>\n\t\t\t\t<\/div>\n\t\t\t\t<div class=\"elementor-element elementor-element-442579e elementor-widget elementor-widget-button\" data-id=\"442579e\" data-element_type=\"widget\" data-widget_type=\"button.default\">\n\t\t\t\t<div class=\"elementor-widget-container\">\n\t\t\t\t\t\t\t\t\t<div class=\"elementor-button-wrapper\">\n\t\t\t\t\t<a class=\"elementor-button elementor-button-link elementor-size-sm\" href=\"mailto:prodaja@best-eliving.com\">\n\t\t\t\t\t\t<span class=\"elementor-button-content-wrapper\">\n\t\t\t\t\t\t<span class=\"elementor-button-icon\">\n\t\t\t\t<svg aria-hidden=\"true\" class=\"e-font-icon-svg e-fas-envelope-open-text\" viewbox=\"0 0 512 512\" xmlns=\"http:\/\/www.w3.org\/2000\/svg\"><path d=\"M176 216h160c8.84 0 16-7.16 16-16v-16c0-8.84-7.16-16-16-16H176c-8.84 0-16 7.16-16 16v16c0 8.84 7.16 16 16 16zm-16 80c0 8.84 7.16 16 16 16h160c8.84 0 16-7.16 16-16v-16c0-8.84-7.16-16-16-16H176c-8.84 0-16 7.16-16 16v16zm96 121.13c-16.42 0-32.84-5.06-46.86-15.19L0 250.86V464c0 26.51 21.49 48 48 48h416c26.51 0 48-21.49 48-48V250.86L302.86 401.94c-14.02 10.12-30.44 15.19-46.86 15.19zm237.61-254.18c-8.85-6.94-17.24-13.47-29.61-22.81V96c0-26.51-21.49-48-48-48h-77.55c-3.04-2.2-5.87-4.26-9.04-6.56C312.6 29.17 279.2-.35 256 0c-23.2-.35-56.59 29.17-73.41 41.44-3.17 2.3-6 4.36-9.04 6.56H96c-26.51 0-48 21.49-48 48v44.14c-12.37 9.33-20.76 15.87-29.61 22.81A47.995 47.995 0 0 0 0 200.72v10.65l96 69.35V96h320v184.72l96-69.35v-10.65c0-14.74-6.78-28.67-18.39-37.77z\"><\/path><\/svg>\t\t\t<\/span>\n\t\t\t\t\t\t\t\t\t<span class=\"elementor-button-text\">SEND INQUIRY<\/span>\n\t\t\t\t\t<\/span>\n\t\t\t\t\t<\/a>\n\t\t\t\t<\/div>\n\t\t\t\t\t\t\t\t<\/div>\n\t\t\t\t<\/div>\n\t\t\t\t<div class=\"elementor-element elementor-element-4fe33cb elementor-widget elementor-widget-heading\" data-id=\"4fe33cb\" data-element_type=\"widget\" data-widget_type=\"heading.default\">\n\t\t\t\t<div class=\"elementor-widget-container\">\n\t\t\t\t\t<h4 class=\"elementor-heading-title elementor-size-default\">Technical details<\/h4>\t\t\t\t<\/div>\n\t\t\t\t<\/div>\n\t\t\t\t<div class=\"elementor-element elementor-element-613f110 elementor-widget elementor-widget-text-editor\" data-id=\"613f110\" data-element_type=\"widget\" data-widget_type=\"text-editor.default\">\n\t\t\t\t<div class=\"elementor-widget-container\">\n\t\t\t\t\t\t\t\t\t<ul class=\"kt-svg-icon-list\"><li class=\"wp-block-kadence-listitem kt-svg-icon-list-item-wrap kt-svg-icon-list-item-2196_221f18-4f\"><span class=\"kt-svg-icon-list-text\">1-phase<\/span><\/li><li class=\"wp-block-kadence-listitem kt-svg-icon-list-item-wrap kt-svg-icon-list-item-2196_4249bf-a6\"><span class=\"kt-svg-icon-list-text\">3kW to 6kW<\/span><\/li><li class=\"wp-block-kadence-listitem kt-svg-icon-list-item-wrap kt-svg-icon-list-item-2196_341b30-0a\"><span class=\"kt-svg-icon-list-text\">Hybrid inverter<\/span><\/li><li class=\"wp-block-kadence-listitem kt-svg-icon-list-item-wrap kt-svg-icon-list-item-2196_a8804a-5c\"><span class=\"kt-svg-icon-list-text\">WiFi and EPS<\/span><\/li><li class=\"wp-block-kadence-listitem kt-svg-icon-list-item-wrap kt-svg-icon-list-item-2196_8c87ed-03\"><span class=\"kt-svg-icon-list-text\">DC switch<\/span><\/li><li class=\"wp-block-kadence-listitem kt-svg-icon-list-item-wrap kt-svg-icon-list-item-2196_95a24b-2c\"><span class=\"kt-svg-icon-list-text\">10 years warranty<\/span><\/li><\/ul>\t\t\t\t\t\t\t\t<\/div>\n\t\t\t\t<\/div>\n\t\t\t\t<div class=\"elementor-element elementor-element-2750b5e elementor-widget elementor-widget-heading\" data-id=\"2750b5e\" data-element_type=\"widget\" data-widget_type=\"heading.default\">\n\t\t\t\t<div class=\"elementor-widget-container\">\n\t\t\t\t\t<h4 class=\"elementor-heading-title elementor-size-default\">FEATURES OF THE FOX ESS H1 SERIES<\/h4>\t\t\t\t<\/div>\n\t\t\t\t<\/div>\n\t\t\t\t<div class=\"elementor-element elementor-element-57a895b elementor-widget elementor-widget-text-editor\" data-id=\"57a895b\" data-element_type=\"widget\" data-widget_type=\"text-editor.default\">\n\t\t\t\t<div class=\"elementor-widget-container\">\n\t\t\t\t\t\t\t\t\t<ul class=\"kt-svg-icon-list\"><li class=\"wp-block-kadence-listitem kt-svg-icon-list-item-wrap kt-svg-icon-list-item-2196_7394ad-ad\"><span class=\"kt-svg-icon-list-text\">Maximum input power [W]: 3900 to 7800<\/span><\/li><li class=\"wp-block-kadence-listitem kt-svg-icon-list-item-wrap kt-svg-icon-list-item-2196_d8cdea-ab\"><span class=\"kt-svg-icon-list-text\">Maximum input current [A]: 13.5 \/ 13.5<\/span><\/li><li class=\"wp-block-kadence-listitem kt-svg-icon-list-item-wrap kt-svg-icon-list-item-2196_1f0a6b-a9\"><span class=\"kt-svg-icon-list-text\">Maximum short circuit current [A]: 15 \/ 15<\/span><\/li><li class=\"wp-block-kadence-listitem kt-svg-icon-list-item-wrap kt-svg-icon-list-item-2196_76b1ac-63\"><span class=\"kt-svg-icon-list-text\">MPPT voltage range [VDC]: 80 \u2013 550<\/span><\/li><li class=\"wp-block-kadence-listitem kt-svg-icon-list-item-wrap kt-svg-icon-list-item-2196_050b8c-84\"><span class=\"kt-svg-icon-list-text\">Initial voltage [V]: 75<\/span><\/li><li class=\"wp-block-kadence-listitem kt-svg-icon-list-item-wrap kt-svg-icon-list-item-2196_8f2ff0-5d\"><span class=\"kt-svg-icon-list-text\">Number of MPPTs: 2<\/span><\/li><li class=\"wp-block-kadence-listitem kt-svg-icon-list-item-wrap kt-svg-icon-list-item-2196_4463e7-4a\"><span class=\"kt-svg-icon-list-text\">Number of strings per MPPT: 1<\/span><\/li><li class=\"wp-block-kadence-listitem kt-svg-icon-list-item-wrap kt-svg-icon-list-item-2196_6d83c0-75\"><span class=\"kt-svg-icon-list-text\">Rated AC output power [W]: 3000 to 6000<\/span><\/li><li class=\"wp-block-kadence-listitem kt-svg-icon-list-item-wrap kt-svg-icon-list-item-2196_5dc0f6-68\"><span class=\"kt-svg-icon-list-text\">Rated AC output current (per phase) [A]: 13 to 16 (per phase)<\/span><\/li><li class=\"wp-block-kadence-listitem kt-svg-icon-list-item-wrap kt-svg-icon-list-item-2196_174059-15\"><span class=\"kt-svg-icon-list-text\">MMPT efficiency: 99.00%<\/span><\/li><li class=\"wp-block-kadence-listitem kt-svg-icon-list-item-wrap kt-svg-icon-list-item-2196_9ee87e-de\"><span class=\"kt-svg-icon-list-text\">Maximum efficiency: 97.80%<\/span><\/li><li class=\"wp-block-kadence-listitem kt-svg-icon-list-item-wrap kt-svg-icon-list-item-2196_2abc71-fe\"><span class=\"kt-svg-icon-list-text\">max. charging\/discharging current [A]: 40<\/span><\/li><li class=\"wp-block-kadence-listitem kt-svg-icon-list-item-wrap kt-svg-icon-list-item-2196_8be8bc-06\"><span class=\"kt-svg-icon-list-text\">Dimensions (D\u0160V) [mm]: 430 x 410 x 178<\/span><\/li><li class=\"wp-block-kadence-listitem kt-svg-icon-list-item-wrap kt-svg-icon-list-item-2196_ebe9ff-41\"><span class=\"kt-svg-icon-list-text\">Weight [kg]: 23<\/span><\/li><li class=\"wp-block-kadence-listitem kt-svg-icon-list-item-wrap kt-svg-icon-list-item-2196_124f7d-7d\"><span class=\"kt-svg-icon-list-text\">Protection level: IP65<\/span><\/li><li class=\"wp-block-kadence-listitem kt-svg-icon-list-item-wrap kt-svg-icon-list-item-2196_8b4e9e-3e\"><span class=\"kt-svg-icon-list-text\">Warranty: 10 years<\/span><\/li><\/ul>\t\t\t\t\t\t\t\t<\/div>\n\t\t\t\t<\/div>\n\t\t\t\t<\/div>\n\t\t<div class=\"elementor-element elementor-element-27fa92b e-con-full e-flex e-con e-child\" data-id=\"27fa92b\" data-element_type=\"container\">\n\t\t\t\t<div class=\"elementor-element elementor-element-121c199 elementor-widget elementor-widget-image\" data-id=\"121c199\" data-element_type=\"widget\" data-widget_type=\"image.default\">\n\t\t\t\t<div class=\"elementor-widget-container\">\n\t\t\t\t\t\t\t\t\t\t\t\t\t\t\t<img fetchpriority=\"high\" decoding=\"async\" width=\"768\" height=\"768\" src=\"https:\/\/belpower.si\/wp-content\/uploads\/2025\/03\/H-1-serija-768x768.jpg\" class=\"attachment-medium_large size-medium_large wp-image-203\" alt=\"\" srcset=\"https:\/\/belpower.si\/wp-content\/uploads\/2025\/03\/H-1-serija-768x768.jpg 768w, https:\/\/belpower.si\/wp-content\/uploads\/2025\/03\/H-1-serija-300x300.jpg 300w, https:\/\/belpower.si\/wp-content\/uploads\/2025\/03\/H-1-serija-150x150.jpg 150w, https:\/\/belpower.si\/wp-content\/uploads\/2025\/03\/H-1-serija-600x600.jpg 600w, https:\/\/belpower.si\/wp-content\/uploads\/2025\/03\/H-1-serija.jpg 800w\" sizes=\"(max-width: 768px) 100vw, 768px\" \/>\t\t\t\t\t\t\t\t\t\t\t\t\t\t\t<\/div>\n\t\t\t\t<\/div>\n\t\t\t\t<div class=\"elementor-element elementor-element-7ff0984 elementor-widget elementor-widget-spacer\" data-id=\"7ff0984\" data-element_type=\"widget\" data-widget_type=\"spacer.default\">\n\t\t\t\t<div class=\"elementor-widget-container\">\n\t\t\t\t\t\t\t<div class=\"elementor-spacer\">\n\t\t\t<div class=\"elementor-spacer-inner\"><\/div>\n\t\t<\/div>\n\t\t\t\t\t\t<\/div>\n\t\t\t\t<\/div>\n\t\t\t\t<div class=\"elementor-element elementor-element-c1b9b0d elementor-arrows-position-inside elementor-pagination-position-outside elementor-widget elementor-widget-image-carousel\" data-id=\"c1b9b0d\" data-element_type=\"widget\" data-settings=\"{&quot;slides_to_show&quot;:&quot;1&quot;,&quot;navigation&quot;:&quot;both&quot;,&quot;autoplay&quot;:&quot;yes&quot;,&quot;pause_on_hover&quot;:&quot;yes&quot;,&quot;pause_on_interaction&quot;:&quot;yes&quot;,&quot;autoplay_speed&quot;:5000,&quot;infinite&quot;:&quot;yes&quot;,&quot;effect&quot;:&quot;slide&quot;,&quot;speed&quot;:500}\" data-widget_type=\"image-carousel.default\">\n\t\t\t\t<div class=\"elementor-widget-container\">\n\t\t\t\t\t\t\t<div class=\"elementor-image-carousel-wrapper swiper\" role=\"region\" aria-roledescription=\"carousel\" aria-label=\"Image Carousel\" dir=\"ltr\">\n\t\t\t<div class=\"elementor-image-carousel swiper-wrapper\" aria-live=\"off\">\n\t\t\t\t\t\t\t\t<div class=\"swiper-slide\" role=\"group\" aria-roledescription=\"slide\" aria-label=\"1 of 4\" data-no-translation-aria-label=\"\"><figure class=\"swiper-slide-inner\"><img decoding=\"async\" class=\"swiper-slide-image\" src=\"https:\/\/belpower.si\/wp-content\/uploads\/elementor\/thumbs\/H3-12.0-r3isvffsz6v7kt34s97u6yv9fj5oxjgq8hlwwlriik.jpg\" alt=\"H3 -12.0\" \/><\/figure><\/div><div class=\"swiper-slide\" role=\"group\" aria-roledescription=\"slide\" aria-label=\"2 of 4\" data-no-translation-aria-label=\"\"><figure class=\"swiper-slide-inner\"><img decoding=\"async\" class=\"swiper-slide-image\" src=\"https:\/\/belpower.si\/wp-content\/uploads\/elementor\/thumbs\/H3-r3isvgdn60whwf1rmrmgrgmq0x1258kgkm9edvq4cc.jpg\" alt=\"H3\" \/><\/figure><\/div><div class=\"swiper-slide\" role=\"group\" aria-roledescription=\"slide\" aria-label=\"3 of 4\" data-no-translation-aria-label=\"\"><figure class=\"swiper-slide-inner\"><img decoding=\"async\" class=\"swiper-slide-image\" src=\"https:\/\/belpower.si\/wp-content\/uploads\/elementor\/thumbs\/H3-10-r3isvhbhcuxs810eha13bye6mawfcxo6wqwvv5oq64.jpg\" alt=\"H3-10\" \/><\/figure><\/div><div class=\"swiper-slide\" role=\"group\" aria-roledescription=\"slide\" aria-label=\"4 of 4\" data-no-translation-aria-label=\"\"><figure class=\"swiper-slide-inner\"><img decoding=\"async\" class=\"swiper-slide-image\" src=\"https:\/\/belpower.si\/wp-content\/uploads\/elementor\/thumbs\/H3-Pro-r3isvi9bjoz2jmz1bsfpwg5n7orskmrx8vkdcfnbzw.jpg\" alt=\"H3-Pro\" \/><\/figure><\/div>\t\t\t<\/div>\n\t\t\t\t\t\t\t\t\t\t\t\t<div class=\"elementor-swiper-button elementor-swiper-button-prev\" role=\"button\" tabindex=\"0\">\n\t\t\t\t\t\t<svg aria-hidden=\"true\" class=\"e-font-icon-svg e-eicon-chevron-left\" viewbox=\"0 0 1000 1000\" xmlns=\"http:\/\/www.w3.org\/2000\/svg\"><path d=\"M646 125C629 125 613 133 604 142L308 442C296 454 292 471 292 487 292 504 296 521 308 533L604 854C617 867 629 875 646 875 663 875 679 871 692 858 704 846 713 829 713 812 713 796 708 779 692 767L438 487 692 225C700 217 708 204 708 187 708 171 704 154 692 142 675 129 663 125 646 125Z\"><\/path><\/svg>\t\t\t\t\t<\/div>\n\t\t\t\t\t<div class=\"elementor-swiper-button elementor-swiper-button-next\" role=\"button\" tabindex=\"0\">\n\t\t\t\t\t\t<svg aria-hidden=\"true\" class=\"e-font-icon-svg e-eicon-chevron-right\" viewbox=\"0 0 1000 1000\" xmlns=\"http:\/\/www.w3.org\/2000\/svg\"><path d=\"M696 533C708 521 713 504 713 487 713 471 708 454 696 446L400 146C388 133 375 125 354 125 338 125 325 129 313 142 300 154 292 171 292 187 292 204 296 221 308 233L563 492 304 771C292 783 288 800 288 817 288 833 296 850 308 863 321 871 338 875 354 875 371 875 388 867 400 854L696 533Z\"><\/path><\/svg>\t\t\t\t\t<\/div>\n\t\t\t\t\n\t\t\t\t\t\t\t\t\t<div class=\"swiper-pagination\"><\/div>\n\t\t\t\t\t\t\t\t\t<\/div>\n\t\t\t\t\t\t<\/div>\n\t\t\t\t<\/div>\n\t\t\t\t<\/div>\n\t\t\t\t\t<\/div>\n\t\t\t\t<\/div>\n\t\t<div class=\"elementor-element elementor-element-7b2e365 e-flex e-con-boxed e-con e-parent\" data-id=\"7b2e365\" data-element_type=\"container\">\n\t\t\t\t\t<div class=\"e-con-inner\">\n\t\t\t\t<div class=\"elementor-element elementor-element-f78e97d elementor-widget elementor-widget-spacer\" data-id=\"f78e97d\" data-element_type=\"widget\" data-widget_type=\"spacer.default\">\n\t\t\t\t<div class=\"elementor-widget-container\">\n\t\t\t\t\t\t\t<div class=\"elementor-spacer\">\n\t\t\t<div class=\"elementor-spacer-inner\"><\/div>\n\t\t<\/div>\n\t\t\t\t\t\t<\/div>\n\t\t\t\t<\/div>\n\t\t\t\t\t<\/div>\n\t\t\t\t<\/div>\n\t\t\t\t<\/div>","protected":false},"excerpt":{"rendered":"<p>Fox ESS Hibridni razsmerniki &#8211; Serija H1H1-3.0-E | H1-3.7-E | H1-4.6-E | H1-5.0-E | H1-6.0-E Fox ESS Serija H1 Enofazni hibridni razsmernik Fox ESS H1 z mo\u010djo od 3 kW do 6 kW je zasnovan za pove\u010danje u\u010dinkovitosti in zanesljivosti. Je popolnoma zdru\u017eljiv z visokonapetostnimi hranilniki energije Fox ESS EP in ECS. Poleg tega ima [&hellip;]<\/p>","protected":false},"author":1,"featured_media":0,"parent":0,"menu_order":0,"comment_status":"closed","ping_status":"closed","template":"","meta":{"pagelayer_contact_templates":[],"_pagelayer_content":"","footnotes":""},"class_list":["post-236","page","type-page","status-publish","hentry","entry"],"_links":{"self":[{"href":"https:\/\/belpower.si\/en\/wp-json\/wp\/v2\/pages\/236","targetHints":{"allow":["GET"]}}],"collection":[{"href":"https:\/\/belpower.si\/en\/wp-json\/wp\/v2\/pages"}],"about":[{"href":"https:\/\/belpower.si\/en\/wp-json\/wp\/v2\/types\/page"}],"author":[{"embeddable":true,"href":"https:\/\/belpower.si\/en\/wp-json\/wp\/v2\/users\/1"}],"replies":[{"embeddable":true,"href":"https:\/\/belpower.si\/en\/wp-json\/wp\/v2\/comments?post=236"}],"version-history":[{"count":16,"href":"https:\/\/belpower.si\/en\/wp-json\/wp\/v2\/pages\/236\/revisions"}],"predecessor-version":[{"id":394,"href":"https:\/\/belpower.si\/en\/wp-json\/wp\/v2\/pages\/236\/revisions\/394"}],"wp:attachment":[{"href":"https:\/\/belpower.si\/en\/wp-json\/wp\/v2\/media?parent=236"}],"curies":[{"name":"wp","href":"https:\/\/api.w.org\/{rel}","templated":true}]}}